{"id":60,"date":"2015-08-25T15:24:44","date_gmt":"2015-08-25T15:24:44","guid":{"rendered":"http:\/\/baechleputzer.de\/?page_id=60"},"modified":"2019-03-10T10:24:45","modified_gmt":"2019-03-10T10:24:45","slug":"vorstand","status":"publish","type":"page","link":"http:\/\/baechleputzer.de\/?page_id=60","title":{"rendered":"Vorstand"},"content":{"rendered":"<p align=\"LEFT\"><strong>Unser derzeitiger Vorstand setzt sich wie folgt zusammen:<\/strong><\/p>\n<p>1. Zunftvogt: Monika Richards<br \/>\nVizevogt:\u00a0Brigitte Obert-Vallon<br \/>\nSchriftf\u00fchrer: Julia Metz<br \/>\nKassenwart: Heike Fuhrmann<\/p>\n<p align=\"LEFT\"><strong><br \/>\nUnsere Zunftv\u00f6gte seit 1935:<br \/>\n<\/strong><br \/>\nGr\u00fcndungsmitglied und Oberzunftvogt Bert Eggert<br \/>\nOberzunftvogt Walter Messmer<br \/>\nZunftvogt Klaus Bolli<br \/>\nZunftvogt Bernd Arnold<br \/>\nOberzunftvogt Georg Eiber<br \/>\nZunftv\u00f6gtin Heike Herbstritt<\/p>\n<p>&nbsp;<\/p>\n","protected":false},"excerpt":{"rendered":"<p>Unser derzeitiger Vorstand setzt sich wie folgt zusammen: 1. Zunftvogt: Monika Richards Vizevogt:\u00a0Brigitte Obert-Vallon Schriftf\u00fchrer: Julia Metz Kassenwart: Heike Fuhrmann Unsere Zunftv\u00f6gte seit 1935: Gr\u00fcndungsmitglied und Oberzunftvogt Bert Eggert Oberzunftvogt Walter Messmer Zunftvogt Klaus Bolli Zunftvogt Bernd Arnold Oberzunftvogt Georg Eiber Zunftv\u00f6gtin Heike Herbstritt &nbsp;<\/p>\n","protected":false},"author":1,"featured_media":0,"parent":0,"menu_order":0,"comment_status":"closed","ping_status":"closed","template":"","meta":[],"_links":{"self":[{"href":"http:\/\/baechleputzer.de\/index.php?rest_route=\/wp\/v2\/pages\/60"}],"collection":[{"href":"http:\/\/baechleputzer.de\/index.php?rest_route=\/wp\/v2\/pages"}],"about":[{"href":"http:\/\/baechleputzer.de\/index.php?rest_route=\/wp\/v2\/types\/page"}],"author":[{"embeddable":true,"href":"http:\/\/baechleputzer.de\/index.php?rest_route=\/wp\/v2\/users\/1"}],"replies":[{"embeddable":true,"href":"http:\/\/baechleputzer.de\/index.php?rest_route=%2Fwp%2Fv2%2Fcomments&post=60"}],"version-history":[{"count":3,"href":"http:\/\/baechleputzer.de\/index.php?rest_route=\/wp\/v2\/pages\/60\/revisions"}],"predecessor-version":[{"id":133,"href":"http:\/\/baechleputzer.de\/index.php?rest_route=\/wp\/v2\/pages\/60\/revisions\/133"}],"wp:attachment":[{"href":"http:\/\/baechleputzer.de\/index.php?rest_route=%2Fwp%2Fv2%2Fmedia&parent=60"}],"curies":[{"name":"wp","href":"https:\/\/api.w.org\/{rel}","templated":true}]}}